{"id":256,"date":"2016-08-22T00:24:31","date_gmt":"2016-08-22T00:24:31","guid":{"rendered":"https:\/\/oceanwp.org\/simple\/?page_id=17"},"modified":"2026-02-25T11:51:51","modified_gmt":"2026-02-25T11:51:51","slug":"home","status":"publish","type":"page","link":"https:\/\/shop.danielmalutan.ro\/","title":{"rendered":"Home"},"content":{"rendered":"\t\t<div data-elementor-type=\"wp-page\" data-elementor-id=\"256\" class=\"elementor elementor-256\">\n\t\t\t\t\t\t<section class=\"elementor-section elementor-top-section elementor-element elementor-element-12faba42 elementor-section-height-min-height elementor-section-boxed elementor-section-height-default elementor-section-items-middle\" data-id=\"12faba42\" data-element_type=\"section\" data-e-type=\"section\" data-settings=\"{&quot;background_background&quot;:&quot;classic&quot;}\">\n\t\t\t\t\t\t<div class=\"elementor-container elementor-column-gap-default\">\n\t\t\t\t\t<div class=\"elementor-column elementor-col-100 elementor-top-column elementor-element elementor-element-7abb5555\" data-id=\"7abb5555\" data-element_type=\"column\" data-e-type=\"column\">\n\t\t\t<div class=\"elementor-widget-wrap elementor-element-populated\">\n\t\t\t\t\t\t<div class=\"elementor-element elementor-element-37a36dbd elementor-align-left elementor-widget elementor-widget-button\" data-id=\"37a36dbd\" data-element_type=\"widget\" data-e-type=\"widget\" data-widget_type=\"button.default\">\n\t\t\t\t\t\t\t\t\t\t<a class=\"elementor-button elementor-button-link elementor-size-sm\" href=\"https:\/\/shop.danielmalutan.ro\/?product=the-power-of-communication\">\n\t\t\t\t\t\t<span class=\"elementor-button-content-wrapper\">\n\t\t\t\t\t\t<span class=\"elementor-button-icon\">\n\t\t\t\t<svg aria-hidden=\"true\" class=\"e-font-icon-svg e-fas-long-arrow-alt-right\" viewBox=\"0 0 448 512\" xmlns=\"http:\/\/www.w3.org\/2000\/svg\"><path d=\"M313.941 216H12c-6.627 0-12 5.373-12 12v56c0 6.627 5.373 12 12 12h301.941v46.059c0 21.382 25.851 32.09 40.971 16.971l86.059-86.059c9.373-9.373 9.373-24.569 0-33.941l-86.059-86.059c-15.119-15.119-40.971-4.411-40.971 16.971V216z\"><\/path><\/svg>\t\t\t<\/span>\n\t\t\t\t\t\t\t\t\t<span class=\"elementor-button-text\">Comanda Acum!<\/span>\n\t\t\t\t\t<\/span>\n\t\t\t\t\t<\/a>\n\t\t\t\t\t\t\t\t<\/div>\n\t\t\t\t\t<\/div>\n\t\t<\/div>\n\t\t\t\t\t<\/div>\n\t\t<\/section>\n\t\t\t\t<section class=\"elementor-section elementor-top-section elementor-element elementor-element-2ef69d74 elementor-section-boxed elementor-section-height-default elementor-section-height-default\" data-id=\"2ef69d74\" data-element_type=\"section\" data-e-type=\"section\">\n\t\t\t\t\t\t<div class=\"elementor-container elementor-column-gap-default\">\n\t\t\t\t\t<div class=\"elementor-column elementor-col-100 elementor-top-column elementor-element elementor-element-22f2b87a\" data-id=\"22f2b87a\" data-element_type=\"column\" data-e-type=\"column\">\n\t\t\t<div class=\"elementor-widget-wrap elementor-element-populated\">\n\t\t\t\t\t\t<div class=\"elementor-element elementor-element-21802c5c elementor-widget elementor-widget-heading\" data-id=\"21802c5c\" data-element_type=\"widget\" data-e-type=\"widget\" data-widget_type=\"heading.default\">\n\t\t\t\t\t<h2 class=\"elementor-heading-title elementor-size-default\">Books - Masterclass training - coaching<\/h2>\t\t\t\t<\/div>\n\t\t\t\t<div class=\"elementor-element elementor-element-2b631362 elementor-widget-divider--view-line elementor-widget elementor-widget-divider\" data-id=\"2b631362\" data-element_type=\"widget\" data-e-type=\"widget\" data-widget_type=\"divider.default\">\n\t\t\t\t\t\t\t<div class=\"elementor-divider\">\n\t\t\t<span class=\"elementor-divider-separator\">\n\t\t\t\t\t\t<\/span>\n\t\t<\/div>\n\t\t\t\t\t\t<\/div>\n\t\t\t\t<div class=\"elementor-element elementor-element-576e2540 elementor-widget elementor-widget-shortcode\" data-id=\"576e2540\" data-element_type=\"widget\" data-e-type=\"widget\" data-widget_type=\"shortcode.default\">\n\t\t\t\t\t\t\t<div class=\"elementor-shortcode\"><div class=\"woocommerce columns-3 \">\r\n<ul class=\"products oceanwp-row clr grid tablet-col tablet-2-col mobile-col mobile-1-col\">\r\n<li class=\"entry has-media has-product-nav col span_1_of_3 owp-content-center owp-thumbs-layout-horizontal owp-btn-normal owp-tabs-layout-horizontal has-no-thumbnails product type-product post-328 status-publish first instock product_cat-books product_cat-communication product_tag-ce-si-cum-spui-conteaza has-post-thumbnail shipping-taxable purchasable product-type-simple\">\n\t<div class=\"product-inner clr\">\r\n\t<div class=\"woo-entry-image clr\">\r\n\t\t<a href=\"https:\/\/shop.danielmalutan.ro\/?product=the-power-of-communication\" class=\"woocommerce-LoopProduct-link\"><img fetchpriority=\"high\" decoding=\"async\" width=\"348\" height=\"464\" src=\"https:\/\/shop.danielmalutan.ro\/wp-content\/uploads\/2026\/02\/carte-3d-348x464.png\" class=\"woo-entry-image-main\" alt=\"Ce si cum spui Conteaz\u0103\" itemprop=\"image\" \/><\/a><a href=\"#\" id=\"product_id_328\" class=\"owp-quick-view\" data-product_id=\"328\" aria-label=\"Quickly preview product Ce si cum spui Conteaz\u0103\"><i class=\" icon-eye\" aria-hidden=\"true\" role=\"img\"><\/i> Quick View<\/a>\t<\/div><!-- .woo-entry-image -->\r\n\r\n<ul class=\"woo-entry-inner clr\"><li class=\"image-wrap\">\r\n\t<div class=\"woo-entry-image clr\">\r\n\t\t<a href=\"https:\/\/shop.danielmalutan.ro\/?product=the-power-of-communication\" class=\"woocommerce-LoopProduct-link\"><img fetchpriority=\"high\" decoding=\"async\" width=\"348\" height=\"464\" src=\"https:\/\/shop.danielmalutan.ro\/wp-content\/uploads\/2026\/02\/carte-3d-348x464.png\" class=\"woo-entry-image-main\" alt=\"Ce si cum spui Conteaz\u0103\" itemprop=\"image\" \/><\/a><a href=\"#\" id=\"product_id_328\" class=\"owp-quick-view\" data-product_id=\"328\" aria-label=\"Quickly preview product Ce si cum spui Conteaz\u0103\"><i class=\" icon-eye\" aria-hidden=\"true\" role=\"img\"><\/i> Quick View<\/a>\t<\/div><!-- .woo-entry-image -->\r\n\r\n<\/li><li class=\"category\"><a href=\"https:\/\/shop.danielmalutan.ro\/?product_cat=books\" rel=\"tag\">Books<\/a>, <a href=\"https:\/\/shop.danielmalutan.ro\/?product_cat=communication\" rel=\"tag\">Communication<\/a><\/li><li class=\"title\"><h2><a href=\"https:\/\/shop.danielmalutan.ro\/?product=the-power-of-communication\">Ce si cum spui Conteaz\u0103<\/a><\/h2><\/li><li class=\"price-wrap\">\n\t<span class=\"price\"><span class=\"woocommerce-Price-amount amount\"><bdi>40,00&nbsp;<span class=\"woocommerce-Price-currencySymbol\">lei<\/span><\/bdi><\/span><\/span>\n<\/li><li class=\"rating\"><\/li><li class=\"btn-wrap clr\"><a href=\"\/index.php?rest_route=%2Fwp%2Fv2%2Fpages%2F256&#038;add-to-cart=328\" aria-describedby=\"woocommerce_loop_add_to_cart_link_describedby_328\" data-quantity=\"1\" class=\"button product_type_simple add_to_cart_button ajax_add_to_cart\" data-product_id=\"328\" data-product_sku=\"ISBN 978-973-53-3563-2\" aria-label=\"Adaug\u0103 \u00een co\u0219: &amp;lbquo;Ce si cum spui Conteaz\u0103&rdquo;\" rel=\"nofollow\" data-success_message=\"&bdquo;Ce si cum spui Conteaz\u0103&rdquo; a fost ad\u0103ugat \u00een co\u0219\" role=\"button\">Adaug\u0103 \u00een co\u0219<\/a>\t<span id=\"woocommerce_loop_add_to_cart_link_describedby_328\" class=\"screen-reader-text\">\n\t\t\t<\/span>\n<\/li><\/ul><\/div><!-- .product-inner .clr --><\/li>\n<\/ul>\n<\/div><\/div>\n\t\t\t\t\t\t<\/div>\n\t\t\t\t\t<\/div>\n\t\t<\/div>\n\t\t\t\t\t<\/div>\n\t\t<\/section>\n\t\t\t\t<\/div>\n\t\t","protected":false},"excerpt":{"rendered":"<p>Comanda Acum! Books &#8211; Masterclass training &#8211; coaching<\/p>\n","protected":false},"author":1,"featured_media":0,"parent":0,"menu_order":0,"comment_status":"closed","ping_status":"closed","template":"","meta":{"ocean_post_layout":"full-screen","ocean_both_sidebars_style":"","ocean_both_sidebars_content_width":0,"ocean_both_sidebars_sidebars_width":0,"ocean_sidebar":"0","ocean_second_sidebar":"","ocean_disable_margins":"enable","ocean_add_body_class":"","ocean_shortcode_before_top_bar":"","ocean_shortcode_after_top_bar":"","ocean_shortcode_before_header":"","ocean_shortcode_after_header":"","ocean_has_shortcode":"","ocean_shortcode_after_title":"","ocean_shortcode_before_footer_widgets":"","ocean_shortcode_after_footer_widgets":"","ocean_shortcode_before_footer_bottom":"","ocean_shortcode_after_footer_bottom":"","ocean_display_top_bar":"default","ocean_display_header":"default","ocean_header_style":"","ocean_center_header_left_menu":"","ocean_custom_header_template":"","ocean_custom_logo":0,"ocean_custom_retina_logo":0,"ocean_custom_logo_max_width":0,"ocean_custom_logo_tablet_max_width":0,"ocean_custom_logo_mobile_max_width":0,"ocean_custom_logo_max_height":0,"ocean_custom_logo_tablet_max_height":0,"ocean_custom_logo_mobile_max_height":0,"ocean_header_custom_menu":"0","ocean_menu_typo_font_family":"","ocean_menu_typo_font_subset":"","ocean_menu_typo_font_size":0,"ocean_menu_typo_font_size_tablet":0,"ocean_menu_typo_font_size_mobile":0,"ocean_menu_typo_font_size_unit":"px","ocean_menu_typo_font_weight":"","ocean_menu_typo_font_weight_tablet":"","ocean_menu_typo_font_weight_mobile":"","ocean_menu_typo_transform":"","ocean_menu_typo_transform_tablet":"","ocean_menu_typo_transform_mobile":"","ocean_menu_typo_line_height":0,"ocean_menu_typo_line_height_tablet":0,"ocean_menu_typo_line_height_mobile":0,"ocean_menu_typo_line_height_unit":"","ocean_menu_typo_spacing":0,"ocean_menu_typo_spacing_tablet":0,"ocean_menu_typo_spacing_mobile":0,"ocean_menu_typo_spacing_unit":"","ocean_menu_link_color":"","ocean_menu_link_color_hover":"","ocean_menu_link_color_active":"","ocean_menu_link_background":"","ocean_menu_link_hover_background":"","ocean_menu_link_active_background":"","ocean_menu_social_links_bg":"","ocean_menu_social_hover_links_bg":"","ocean_menu_social_links_color":"","ocean_menu_social_hover_links_color":"","ocean_disable_title":"default","ocean_disable_heading":"default","ocean_post_title":"","ocean_post_subheading":"","ocean_post_title_style":"","ocean_post_title_background_color":"","ocean_post_title_background":0,"ocean_post_title_bg_image_position":"","ocean_post_title_bg_image_attachment":"","ocean_post_title_bg_image_repeat":"","ocean_post_title_bg_image_size":"","ocean_post_title_height":400,"ocean_post_title_bg_overlay":0.5,"ocean_post_title_bg_overlay_color":"","ocean_disable_breadcrumbs":"default","ocean_breadcrumbs_color":"","ocean_breadcrumbs_separator_color":"","ocean_breadcrumbs_links_color":"","ocean_breadcrumbs_links_hover_color":"","ocean_display_footer_widgets":"default","ocean_display_footer_bottom":"default","ocean_custom_footer_template":"","footnotes":""},"class_list":["post-256","page","type-page","status-publish","hentry","entry","owp-thumbs-layout-horizontal","owp-btn-normal","owp-tabs-layout-horizontal","has-no-thumbnails","has-product-nav"],"yoast_head":"<!-- This site is optimized with the Yoast SEO plugin v27.0 - https:\/\/yoast.com\/product\/yoast-seo-wordpress\/ -->\n<title>Home - Shop DM<\/title>\n<meta name=\"robots\" content=\"index, follow, max-snippet:-1, max-image-preview:large, max-video-preview:-1\" \/>\n<link rel=\"canonical\" href=\"https:\/\/shop.danielmalutan.ro\/\" \/>\n<meta property=\"og:locale\" content=\"ro_RO\" \/>\n<meta property=\"og:type\" content=\"article\" \/>\n<meta property=\"og:title\" content=\"Home - Shop DM\" \/>\n<meta property=\"og:description\" content=\"Comanda Acum! Books &#8211; Masterclass training &#8211; coaching\" \/>\n<meta property=\"og:url\" content=\"https:\/\/shop.danielmalutan.ro\/\" \/>\n<meta property=\"og:site_name\" content=\"Shop DM\" \/>\n<meta property=\"article:modified_time\" content=\"2026-02-25T11:51:51+00:00\" \/>\n<meta name=\"twitter:card\" content=\"summary_large_image\" \/>\n<meta name=\"twitter:label1\" content=\"Timp estimat pentru citire\" \/>\n\t<meta name=\"twitter:data1\" content=\"1 minut\" \/>\n<script type=\"application\/ld+json\" class=\"yoast-schema-graph\">{\"@context\":\"https:\/\/schema.org\",\"@graph\":[{\"@type\":\"WebPage\",\"@id\":\"https:\/\/shop.danielmalutan.ro\/\",\"url\":\"https:\/\/shop.danielmalutan.ro\/\",\"name\":\"Home - Shop DM\",\"isPartOf\":{\"@id\":\"https:\/\/shop.danielmalutan.ro\/#website\"},\"datePublished\":\"2016-08-22T00:24:31+00:00\",\"dateModified\":\"2026-02-25T11:51:51+00:00\",\"breadcrumb\":{\"@id\":\"https:\/\/shop.danielmalutan.ro\/#breadcrumb\"},\"inLanguage\":\"ro-RO\",\"potentialAction\":[{\"@type\":\"ReadAction\",\"target\":[\"https:\/\/shop.danielmalutan.ro\/\"]}]},{\"@type\":\"BreadcrumbList\",\"@id\":\"https:\/\/shop.danielmalutan.ro\/#breadcrumb\",\"itemListElement\":[{\"@type\":\"ListItem\",\"position\":1,\"name\":\"Home\",\"item\":\"https:\/\/shop.danielmalutan.ro\/\"},{\"@type\":\"ListItem\",\"position\":2,\"name\":\"Home\"}]},{\"@type\":\"WebSite\",\"@id\":\"https:\/\/shop.danielmalutan.ro\/#website\",\"url\":\"https:\/\/shop.danielmalutan.ro\/\",\"name\":\"Shop DM\",\"description\":\"Citeste cu sens!\",\"publisher\":{\"@id\":\"https:\/\/shop.danielmalutan.ro\/#organization\"},\"potentialAction\":[{\"@type\":\"SearchAction\",\"target\":{\"@type\":\"EntryPoint\",\"urlTemplate\":\"https:\/\/shop.danielmalutan.ro\/?s={search_term_string}\"},\"query-input\":{\"@type\":\"PropertyValueSpecification\",\"valueRequired\":true,\"valueName\":\"search_term_string\"}}],\"inLanguage\":\"ro-RO\"},{\"@type\":\"Organization\",\"@id\":\"https:\/\/shop.danielmalutan.ro\/#organization\",\"name\":\"Shop DM\",\"url\":\"https:\/\/shop.danielmalutan.ro\/\",\"logo\":{\"@type\":\"ImageObject\",\"inLanguage\":\"ro-RO\",\"@id\":\"https:\/\/shop.danielmalutan.ro\/#\/schema\/logo\/image\/\",\"url\":\"https:\/\/shop.danielmalutan.ro\/wp-content\/uploads\/2026\/02\/cropped-For-Your-Team-Photoroom.png\",\"contentUrl\":\"https:\/\/shop.danielmalutan.ro\/wp-content\/uploads\/2026\/02\/cropped-For-Your-Team-Photoroom.png\",\"width\":280,\"height\":102,\"caption\":\"Shop DM\"},\"image\":{\"@id\":\"https:\/\/shop.danielmalutan.ro\/#\/schema\/logo\/image\/\"}}]}<\/script>\n<!-- \/ Yoast SEO plugin. -->","yoast_head_json":{"title":"Home - Shop DM","robots":{"index":"index","follow":"follow","max-snippet":"max-snippet:-1","max-image-preview":"max-image-preview:large","max-video-preview":"max-video-preview:-1"},"canonical":"https:\/\/shop.danielmalutan.ro\/","og_locale":"ro_RO","og_type":"article","og_title":"Home - Shop DM","og_description":"Comanda Acum! Books &#8211; Masterclass training &#8211; coaching","og_url":"https:\/\/shop.danielmalutan.ro\/","og_site_name":"Shop DM","article_modified_time":"2026-02-25T11:51:51+00:00","twitter_card":"summary_large_image","twitter_misc":{"Timp estimat pentru citire":"1 minut"},"schema":{"@context":"https:\/\/schema.org","@graph":[{"@type":"WebPage","@id":"https:\/\/shop.danielmalutan.ro\/","url":"https:\/\/shop.danielmalutan.ro\/","name":"Home - Shop DM","isPartOf":{"@id":"https:\/\/shop.danielmalutan.ro\/#website"},"datePublished":"2016-08-22T00:24:31+00:00","dateModified":"2026-02-25T11:51:51+00:00","breadcrumb":{"@id":"https:\/\/shop.danielmalutan.ro\/#breadcrumb"},"inLanguage":"ro-RO","potentialAction":[{"@type":"ReadAction","target":["https:\/\/shop.danielmalutan.ro\/"]}]},{"@type":"BreadcrumbList","@id":"https:\/\/shop.danielmalutan.ro\/#breadcrumb","itemListElement":[{"@type":"ListItem","position":1,"name":"Home","item":"https:\/\/shop.danielmalutan.ro\/"},{"@type":"ListItem","position":2,"name":"Home"}]},{"@type":"WebSite","@id":"https:\/\/shop.danielmalutan.ro\/#website","url":"https:\/\/shop.danielmalutan.ro\/","name":"Shop DM","description":"Citeste cu sens!","publisher":{"@id":"https:\/\/shop.danielmalutan.ro\/#organization"},"potentialAction":[{"@type":"SearchAction","target":{"@type":"EntryPoint","urlTemplate":"https:\/\/shop.danielmalutan.ro\/?s={search_term_string}"},"query-input":{"@type":"PropertyValueSpecification","valueRequired":true,"valueName":"search_term_string"}}],"inLanguage":"ro-RO"},{"@type":"Organization","@id":"https:\/\/shop.danielmalutan.ro\/#organization","name":"Shop DM","url":"https:\/\/shop.danielmalutan.ro\/","logo":{"@type":"ImageObject","inLanguage":"ro-RO","@id":"https:\/\/shop.danielmalutan.ro\/#\/schema\/logo\/image\/","url":"https:\/\/shop.danielmalutan.ro\/wp-content\/uploads\/2026\/02\/cropped-For-Your-Team-Photoroom.png","contentUrl":"https:\/\/shop.danielmalutan.ro\/wp-content\/uploads\/2026\/02\/cropped-For-Your-Team-Photoroom.png","width":280,"height":102,"caption":"Shop DM"},"image":{"@id":"https:\/\/shop.danielmalutan.ro\/#\/schema\/logo\/image\/"}}]}},"_links":{"self":[{"href":"https:\/\/shop.danielmalutan.ro\/index.php?rest_route=\/wp\/v2\/pages\/256","targetHints":{"allow":["GET"]}}],"collection":[{"href":"https:\/\/shop.danielmalutan.ro\/index.php?rest_route=\/wp\/v2\/pages"}],"about":[{"href":"https:\/\/shop.danielmalutan.ro\/index.php?rest_route=\/wp\/v2\/types\/page"}],"author":[{"embeddable":true,"href":"https:\/\/shop.danielmalutan.ro\/index.php?rest_route=\/wp\/v2\/users\/1"}],"replies":[{"embeddable":true,"href":"https:\/\/shop.danielmalutan.ro\/index.php?rest_route=%2Fwp%2Fv2%2Fcomments&post=256"}],"version-history":[{"count":16,"href":"https:\/\/shop.danielmalutan.ro\/index.php?rest_route=\/wp\/v2\/pages\/256\/revisions"}],"predecessor-version":[{"id":377,"href":"https:\/\/shop.danielmalutan.ro\/index.php?rest_route=\/wp\/v2\/pages\/256\/revisions\/377"}],"wp:attachment":[{"href":"https:\/\/shop.danielmalutan.ro\/index.php?rest_route=%2Fwp%2Fv2%2Fmedia&parent=256"}],"curies":[{"name":"wp","href":"https:\/\/api.w.org\/{rel}","templated":true}]}}